{"id":342,"date":"2023-08-01T19:21:23","date_gmt":"2023-08-01T19:21:23","guid":{"rendered":"https:\/\/dev.mediadome.at\/murauer-regionsgutschein\/?page_id=342"},"modified":"2023-11-01T06:03:31","modified_gmt":"2023-11-01T04:03:31","slug":"datenschutzerklaerung","status":"publish","type":"page","link":"https:\/\/murauer-regionsgutschein.at\/gutscheinpartner\/datenschutzerklaerung\/","title":{"rendered":"Datenschutzerkl\u00e4rung"},"content":{"rendered":"\t\t<div data-elementor-type=\"wp-page\" data-elementor-id=\"342\" class=\"elementor elementor-342\" data-elementor-post-type=\"page\">\n\t\t\t\t\t\t\t\t\t<section class=\"elementor-section elementor-top-section elementor-element elementor-element-d36ee12 elementor-section-boxed elementor-section-height-default elementor-section-height-default\" data-id=\"d36ee12\" data-element_type=\"section\">\n\t\t\t\t\t\t<div class=\"elementor-container elementor-column-gap-default\">\n\t\t\t\t\t<div class=\"elementor-column elementor-col-100 elementor-top-column elementor-element elementor-element-c553569\" data-id=\"c553569\" data-element_type=\"column\">\n\t\t\t<div class=\"elementor-widget-wrap elementor-element-populated\">\n\t\t\t\t\t\t\t\t<div class=\"elementor-element elementor-element-2287ab0 elementor-widget elementor-widget-text-editor\" data-id=\"2287ab0\" data-element_type=\"widget\" data-widget_type=\"text-editor.default\">\n\t\t\t\t<div class=\"elementor-widget-container\">\n\t\t\t<style>\/*! elementor - v3.15.0 - 31-07-2023 *\/\n.elementor-widget-text-editor.elementor-drop-cap-view-stacked .elementor-drop-cap{background-color:#69727d;color:#fff}.elementor-widget-text-editor.elementor-drop-cap-view-framed .elementor-drop-cap{color:#69727d;border:3px solid;background-color:transparent}.elementor-widget-text-editor:not(.elementor-drop-cap-view-default) .elementor-drop-cap{margin-top:8px}.elementor-widget-text-editor:not(.elementor-drop-cap-view-default) .elementor-drop-cap-letter{width:1em;height:1em}.elementor-widget-text-editor .elementor-drop-cap{float:left;text-align:center;line-height:1;font-size:50px}.elementor-widget-text-editor .elementor-drop-cap-letter{display:inline-block}<\/style>\t\t\t\t<h1>Datenschutzerkl\u00e4rung<\/h1>\n<p><strong>ERKL\u00c4RUNG ZUR INFORMATIONSPFLICHT (DATENSCHUTZERKL\u00c4RUNG)<\/strong><\/p>\n<p>Der Schutz Ihrer pers\u00f6nlichen Daten ist uns ein besonderes Anliegen. Wir verarbeiten Ihre Daten daher ausschlie\u00dflich auf Grundlage der gesetzlichen Bestimmungen (DSGVO, TKG 2003). In diesen Datenschutzinformationen informieren wir Sie \u00fcber die wichtigsten Aspekte der Datenverarbeitung im Rahmen unserer Website.<\/p>\n<p><strong>NAME UND ANSCHRIFT DES F\u00dcR DIE VERARBEITUNG VERANTWORTLICHEN<br><\/strong><\/p>\n<p><b>Murauer Regionsgutschein GmbH<\/b><\/p>\n<p><span style=\"font-weight: bolder;\">ZVR-Zahl:<\/span>&nbsp;1956454354<br><b>Zust\u00e4ndigkeit:&nbsp;<\/b>Bezirkshauptmannschaft Murau<br><b>Sitz: <\/b>Niederw\u00f6lz<br><strong>Anschrift:<\/strong> 8831Niederw\u00f6lz, Gruberweg 41<br><strong>Telefon<\/strong>:&nbsp;<a href=\"tel:0358241900\" style=\"background-color: rgb(255, 255, 255); font-family: var( --e-global-typography-text-font-family ), Sans-serif; font-size: var( --e-global-typography-text-font-size ); font-weight: var( --e-global-typography-text-font-weight ); line-height: var( --e-global-typography-text-line-height );\">+43 3582 419 00<\/a><br><strong>E-Mail<\/strong>: <a href=\"mailto:office@mediadome.at\">office@mediadome.at<\/a><\/p>\n<p><strong>KONTAKT MIT UNS<\/strong><br>Wenn Sie per Formular auf der Website oder per E-Mail Kontakt mit uns aufnehmen, werden Ihre angegebenen Daten zwecks Bearbeitung der Anfrage und f\u00fcr den Fall von Anschlussfragen sechs Monate bei uns gespeichert. Diese Daten geben wir nicht ohne Ihre Einwilligung weiter.<\/p>\n<p><strong>COOKIES<\/strong><\/p>\n<p>Unsere Website verwendet so genannte Cookies. Dabei handelt es sich um kleine Textdateien, die mit Hilfe des Browsers auf Ihrem Endger\u00e4t abgelegt werden. Sie richten keinen Schaden an.<br>Wir nutzen Cookies dazu, unser Informationsangebot nutzerfreundlich und \u00fcbersichtlich zu gestalten. Einige Cookies bleiben auf Ihrem Endger\u00e4t gespeichert, bis Sie diese l\u00f6schen. Sie erm\u00f6glichen es uns, Ihren Browser beim n\u00e4chsten Besuch wiederzuerkennen.<br>Wenn Sie dies nicht w\u00fcnschen, so k\u00f6nnen Sie Ihren Browser so einrichten, dass er Sie \u00fcber das Setzen von Cookies informiert und Sie dies nur im Einzelfall erlauben.<br>Bei der Deaktivierung von Cookies kann die Funktionalit\u00e4t unserer Website eingeschr\u00e4nkt sein.<\/p>\n<p><strong style=\"color: var( --e-global-color-text ); font-family: var( --e-global-typography-text-font-family ), Sans-serif; font-size: var( --e-global-typography-text-font-size );\">EINBINDUNG VON DIENSTEN UND INHALTEN DRITTER<\/strong><\/p>\n<p>Es kann vorkommen, dass innerhalb dieses Onlineangebotes Inhalte Dritter, wie zum Beispiel Kartenmaterial von Google-Maps, Videos von YouTube oder RSS-Feeds von anderen Webseiten (nachfolgend bezeichnet als \u201eDritt-Anbieter\u201c) eingebunden werden. Durch Nutzung dieser Webseite erkl\u00e4ren Sie sich mit der Erfassung, Bearbeitung sowie Nutzung der automatisiert erhobenen Daten durch diesen Dritt-Anbieter einverstanden.<\/p>\n<p><strong>AUFZEICHNUNG VON SERVER LOGS<\/strong><\/p>\n<p>\u00dcber Besucher unserer Onlineangebote werden Server-Aufzeichnungen erstellt. Diese umfassen Informationen zu angeforderten Inhalten, Datum und Uhrzeit des Zugriffs, \u00fcbertragener Datenmenge, die Internet Protokolladresse (\u201eIP Adresse\u201c) und technische Informationen zum Endger\u00e4t des Besuchers. Die technischen Informationen (Betriebssystem, Browsersoftware, Browserversion und Bildschirmaufl\u00f6sung) erlauben keinen R\u00fcckschluss auf einen bestimmten Besucher oder eine bestimmte Person. Server Zugriffsaufzeichnungen werden zu Zwecken der statistischen Auswertung der Besucherstr\u00f6me, der Erkennung von Fehlern und zur weiteren Verbesserung unserer Inhalte verwendet. Die Detailaufzeichnungen werden nach der statistischen Auswertung gel\u00f6scht. Da uns die Privatsph\u00e4re unserer Besucher wichtig ist, verzichten wir auf jedwede Auswertung von Besucherstr\u00f6men durch Drittanbieteranwendungen oder -dienstleistungen. Es findet keine Weitergabe von Zugriffsaufzeichnungen oder statistischen Auswertungen statt.<\/p>\n<p><strong>IHRE RECHTE<\/strong><\/p>\n<p>Ihnen stehen grunds\u00e4tzlich die Rechte auf Auskunft, Berichtigung, L\u00f6schung, Einschr\u00e4nkung, Daten\u00fcbertragbarkeit, Widerruf und Widerspruch zu. Wenn Sie glauben, dass die Verarbeitung Ihrer Daten gegen das Datenschutzrecht verst\u00f6\u00dft oder Ihre datenschutzrechtlichen Anspr\u00fcche sonst in einer Weise verletzt worden sind, k\u00f6nnen Sie sich bei der Aufsichtsbeh\u00f6rde beschweren. In \u00d6sterreich ist dies die Datenschutzbeh\u00f6rde.<\/p>\t\t\t\t\t\t<\/div>\n\t\t\t\t<\/div>\n\t\t\t\t\t<\/div>\n\t\t<\/div>\n\t\t\t\t\t\t\t<\/div>\n\t\t<\/section>\n\t\t\t\t\t\t\t<\/div>\n\t\t","protected":false},"excerpt":{"rendered":"<p>Datenschutzerkl\u00e4rung ERKL\u00c4RUNG ZUR INFORMATIONSPFLICHT (DATENSCHUTZERKL\u00c4RUNG) Der Schutz Ihrer pers\u00f6nlichen Daten ist uns ein besonderes Anliegen. Wir verarbeiten Ihre Daten daher ausschlie\u00dflich auf Grundlage der gesetzlichen Bestimmungen (DSGVO, TKG 2003). In diesen Datenschutzinformationen informieren wir Sie \u00fcber die wichtigsten Aspekte der Datenverarbeitung im Rahmen unserer Website. NAME UND ANSCHRIFT DES F\u00dcR DIE VERARBEITUNG VERANTWORTLICHEN Murauer Regionsgutschein [&hellip;]<\/p>\n","protected":false},"author":1,"featured_media":0,"parent":0,"menu_order":0,"comment_status":"closed","ping_status":"closed","template":"","meta":{"footnotes":""},"class_list":["post-342","page","type-page","status-publish","hentry"],"_links":{"self":[{"href":"https:\/\/murauer-regionsgutschein.at\/gutscheinpartner\/wp-json\/wp\/v2\/pages\/342","targetHints":{"allow":["GET"]}}],"collection":[{"href":"https:\/\/murauer-regionsgutschein.at\/gutscheinpartner\/wp-json\/wp\/v2\/pages"}],"about":[{"href":"https:\/\/murauer-regionsgutschein.at\/gutscheinpartner\/wp-json\/wp\/v2\/types\/page"}],"author":[{"embeddable":true,"href":"https:\/\/murauer-regionsgutschein.at\/gutscheinpartner\/wp-json\/wp\/v2\/users\/1"}],"replies":[{"embeddable":true,"href":"https:\/\/murauer-regionsgutschein.at\/gutscheinpartner\/wp-json\/wp\/v2\/comments?post=342"}],"version-history":[{"count":10,"href":"https:\/\/murauer-regionsgutschein.at\/gutscheinpartner\/wp-json\/wp\/v2\/pages\/342\/revisions"}],"predecessor-version":[{"id":688,"href":"https:\/\/murauer-regionsgutschein.at\/gutscheinpartner\/wp-json\/wp\/v2\/pages\/342\/revisions\/688"}],"wp:attachment":[{"href":"https:\/\/murauer-regionsgutschein.at\/gutscheinpartner\/wp-json\/wp\/v2\/media?parent=342"}],"curies":[{"name":"wp","href":"https:\/\/api.w.org\/{rel}","templated":true}]}}